{"id":104,"date":"2022-02-12T14:19:39","date_gmt":"2022-02-12T13:19:39","guid":{"rendered":"https:\/\/web-site-service.de\/beispiel-2\/?page_id=104"},"modified":"2022-09-19T16:34:10","modified_gmt":"2022-09-19T14:34:10","slug":"contato","status":"publish","type":"page","link":"https:\/\/web-site-service.de\/beispiel-2\/pt\/contato\/","title":{"rendered":"Kontakt-pt"},"content":{"rendered":"<p><!-- Portugiesisch - - - - Contato - - - - - - - - - - - - - - - - Portugiesisch --><\/p>\n<div class=\"kontakt-seite\">\n<h1>P\u00e1gina de amostra internacional - Contacto<\/h1>\n<p>Mollis pretium lorem primis senectus habitasse lectus scelerisque donec ultricies tortor suspendisse adipiscing fusce morbi volutpat pellentesque consectetur mi risus molestie curae malesuada. Dignissim lacus convallis massa mauris enim ad mattis magnis senectus montes mollis taciti phasellus accumsan bibendum semper blandit suspendisse faucibus.<\/p>\n<div class=\"adress-flex-cont\">\n<div class=\"adress-box-links\">\n<p><b>Endere\u00e7o:<\/b><br \/>\n&nbsp;&nbsp;&nbsp;Nome da empresa<br \/>\n&nbsp;&nbsp;&nbsp;Sua rua 65<br \/>\n&nbsp;&nbsp;&nbsp;85005 sua cidade<\/p>\n<p><a class=\"button\" id=\"anrufen2\" href=\"tel:+351123456789\" title=\"Ligar para Nome da empresa Servi\u00e7o de transporte Algarve\"><b>&#9743;<\/b> +351 123 456 789<\/a><br \/>\n<a href=\"mailto:\" title=\"Abre uma novo E-Mail\"><img decoding=\"async\" class=\"mail-foto\" loading=\"lazy\" src=\"https:\/\/web-site-service.de\/beispiel-2\/wp-content\/uploads\/sites\/3\/2022\/02\/Mail-gelb-200x32-1.png\" alt=\"E-mail Nome da empresa - Servi\u00e7o de transporte Algarve\" width=\"200\" height=\"32\"><\/a><\/p>\n<\/div>\n<div class=\"adress-box-rechts\">\n<div class=\"profil-foto\"><img decoding=\"async\" class=\"uber-uns-foto\" loading=\"lazy\" src=\"https:\/\/web-site-service.de\/beispiel-2\/wp-content\/uploads\/sites\/3\/2022\/02\/kontakt-110.jpg\" title=\"Foto de perfil\" alt=\"Foto de perfil\" width=\"110\" height=\"115\">\n<\/div>\n<\/div>\n<\/div>\n<h2>Nosso escrit\u00f3rio \u00e9 f\u00e1cil de encontrar<\/h2>\n<p class=\"mitte\">Clicar no mapa leva voc\u00ea ao planejador de rotas do Google Maps.<br \/>\n<a target=\"blank\" rel=\"noopener noreferrer\" href=\"https:\/\/www.google.com\/maps\/place\/Lidl+Portim%C3%A3o\/@37.142987,-8.5288275,13z\/data=!4m5!3m4!1s0xd1b28ebc1cbf055:0x2972b006356f4fb9!8m2!3d37.134503!4d-8.5460076\" title=\"Para ao planejador de rotas do Google Maps\"><img decoding=\"async\" class=\"img-google-maps\" loading=\"lazy\" src=\"https:\/\/web-site-service.de\/beispiel-2\/wp-content\/uploads\/sites\/3\/2022\/02\/Google-Maps-2.jpg\" alt=\"Foto\" width=\"867\" height=\"511\"><\/a><\/p>\n<div class=\"kontakt-ebene\">\n<h2 id=\"kontaktformular\">Formul\u00e1rio de Contato<\/h2>\n\n<div class=\"wpcf7 no-js\" id=\"wpcf7-f109-o1\" lang=\"de-DE\" dir=\"ltr\" data-wpcf7-id=\"109\">\n<div class=\"screen-reader-response\"><p role=\"status\" aria-live=\"polite\" aria-atomic=\"true\"><\/p> <ul><\/ul><\/div>\n<form action=\"\/beispiel-2\/wp-json\/wp\/v2\/pages\/104#wpcf7-f109-o1\" method=\"post\" class=\"wpcf7-form init\" aria-label=\"Kontaktformular\" novalidate=\"novalidate\" data-status=\"init\">\n<fieldset class=\"hidden-fields-container\"><input type=\"hidden\" name=\"_wpcf7\" value=\"109\" \/><input type=\"hidden\" name=\"_wpcf7_version\" value=\"6.1.5\" \/><input type=\"hidden\" name=\"_wpcf7_locale\" value=\"de_DE\" \/><input type=\"hidden\" name=\"_wpcf7_unit_tag\" value=\"wpcf7-f109-o1\" \/><input type=\"hidden\" name=\"_wpcf7_container_post\" value=\"0\" \/><input type=\"hidden\" name=\"_wpcf7_posted_data_hash\" value=\"\" \/>\n<\/fieldset>\n<div id=\"anfrage\">\n\t<p><label class=\"anm-label\"> Nome<br \/>\n<span class=\"wpcf7-form-control-wrap\" data-name=\"NameKlient\"><input size=\"40\" maxlength=\"400\" class=\"wpcf7-form-control wpcf7-text\" id=\"name-schreiben\" aria-invalid=\"false\" value=\"\" type=\"text\" name=\"NameKlient\" \/><\/span><\/label>\n\t<\/p>\n\t<p><label class=\"anm-label\"> Endere\u00e7o de e-mail*<br \/>\n<span class=\"wpcf7-form-control-wrap\" data-name=\"E-MailKlient\"><input size=\"40\" maxlength=\"400\" class=\"wpcf7-form-control wpcf7-email wpcf7-validates-as-required wpcf7-text wpcf7-validates-as-email\" id=\"mail-schreiben\" aria-required=\"true\" aria-invalid=\"false\" value=\"\" type=\"email\" name=\"E-MailKlient\" \/><\/span><\/label>\n\t<\/p>\n\t<p><span id=\"wpcf7-69e7766129342-wrapper\" class=\"wpcf7-form-control-wrap Website-wrap\" style=\"display:none !important; visibility:hidden !important;\"><label for=\"wpcf7-69e7766129342-field\" class=\"hp-message\">Bitte lasse dieses Feld leer.<\/label><input id=\"wpcf7-69e7766129342-field\"  class=\"wpcf7-form-control wpcf7-text\" type=\"text\" name=\"Website\" value=\"\" size=\"40\" tabindex=\"-1\" autocomplete=\"new-password\" \/><\/span>\n\t<\/p>\n\t<p><label class=\"anm-label\"> N\u00famero de telefone<br \/>\n<span class=\"wpcf7-form-control-wrap\" data-name=\"Handynummer\"><input size=\"40\" maxlength=\"400\" class=\"wpcf7-form-control wpcf7-tel wpcf7-text wpcf7-validates-as-tel\" id=\"handy-schreiben\" aria-invalid=\"false\" value=\"\" type=\"tel\" name=\"Handynummer\" \/><\/span><\/label>\n\t<\/p>\n\t<p><label class=\"anm-label\"> Assunto<br \/>\n<span class=\"wpcf7-form-control-wrap\" data-name=\"your-subject\"><input size=\"40\" maxlength=\"400\" class=\"wpcf7-form-control wpcf7-text\" id=\"betreff-schreiben\" aria-invalid=\"false\" value=\"\" type=\"text\" name=\"your-subject\" \/><\/span><\/label>\n\t<\/p>\n\t<p><label class=\"anm-label\"> Mensagem<br \/>\n<span class=\"wpcf7-form-control-wrap\" data-name=\"Nachricht\"><textarea cols=\"40\" rows=\"10\" maxlength=\"2000\" class=\"wpcf7-form-control wpcf7-textarea\" id=\"textfeld-schreiben\" aria-invalid=\"false\" name=\"Nachricht\"><\/textarea><\/span><\/label>\n\t<\/p>\n\t<p><b><i>Prote\u00e7\u00e3o contra SPAM*<\/i><\/b><br \/>\n<span class=\"wpcf7-form-control-wrap\" data-name=\"quiz-69\"><label><span class=\"wpcf7-quiz-label\">Quanto \u00e9 um mais dois? (Digite o n\u00famero)<\/span> <input size=\"40\" class=\"wpcf7-form-control wpcf7-quiz\" id=\"quiz\" autocomplete=\"off\" aria-required=\"true\" aria-invalid=\"false\" type=\"text\" name=\"quiz-69\" \/><\/label><input type=\"hidden\" name=\"_wpcf7_quiz_answer_quiz-69\" value=\"881340dc31915a874042ae4c8854e480\" \/><\/span>\n\t<\/p>\n\t<p class=\"mitte\">Antes de enviar este formul\u00e1rio, deve concordar com a nossa <a title=\"pol\u00edtica de privacidade\" href=\"https:\/\/web-site-service.de\/datenschutzerklaerung\/\" target=\"_blank\"><span class=\"farbe\">a pol\u00edtica de privacidade!<\/span><\/a><span class=\"wpcf7-form-control-wrap\" data-name=\"acceptance-154\"><span class=\"wpcf7-form-control wpcf7-acceptance\"><span class=\"wpcf7-list-item\"><input type=\"checkbox\" name=\"acceptance-154\" value=\"1\" id=\"zustimmung\" aria-invalid=\"false\" \/><\/span><\/span><\/span>\n\t<\/p>\n\t<p class=\"mitte\"><input class=\"wpcf7-form-control wpcf7-submit has-spinner\" id=\"sendebutton\" type=\"submit\" value=\"Enviar\" \/>\n\t<\/p>\n<\/div><div class=\"wpcf7-response-output\" aria-hidden=\"true\"><\/div>\n<\/form>\n<\/div>\n<\/div>\n<\/div>\n<div data-post-id=\"83\" class=\"insert-page insert-page-83 \"><h1 class='insert-page-title'>Footer-pt<\/h1><p><!-- - - -Portugiesisch- - -footer-pt- - -id=83- - - - - - - - - - - -Portugiesisch --><\/p>\n<div class=\"leerplatz\"><\/div>\n<div class=\"content-unten\">\n<div class=\"unten-flexbox-cont\">\n<div class=\"unten-box-links\">\n<div id=\"bilderrahmen\">\n<h2><span class=\"farbe-h2-footer\">Nossa frota<\/span><\/h2>\n<p class=\"weiss\">Alguns exemplos:<\/p>\n<div class=\"test-bildbox\">\n<div id=\"pic1\" class=\"pop-container\">\n<p><a href=\"#popup1\" title=\"Click para a foto grande da limusine\"><img decoding=\"async\" class=\"pic-small\" loading=\"lazy\" src=\"https:\/\/web-site-service.de\/beispiel-2\/wp-content\/uploads\/sites\/3\/2022\/02\/auto-stretch-limousine-th-80.jpg\" alt=\"Foto limusine pequena\" width=\"120\" height=\"80\"><\/a><\/p>\n<div id=\"popup1\" class=\"overlay\">\n<div class=\"popup\">\n\t\t<img decoding=\"async\" class=\"pic-big\" title=\"Foto grande da limusine\" loading=\"lazy\" src=\"https:\/\/web-site-service.de\/beispiel-2\/wp-content\/uploads\/sites\/3\/2022\/02\/auto-stretch-limousine-big.jpg\" alt=\"Foto limusine grande\" width=\"640\" height=\"452\"><br \/>\n\t\t<a class=\"close\" href=\"#pic1\">&times;<\/a>\n\t  <\/div>\n<\/div><\/div>\n<div id=\"pic2\" class=\"pop-container\">\n<p><a href=\"#popup2\" title=\"Click para a foto grande de Rolls-Royce\"><img decoding=\"async\" class=\"pic-small\" loading=\"lazy\" src=\"https:\/\/web-site-service.de\/beispiel-2\/wp-content\/uploads\/sites\/3\/2022\/02\/auto-rolls-royce-th.jpg\" alt=\"pequena foto Rolls Royce\" width=\"120\" height=\"80\"><\/a><\/p>\n<div id=\"popup2\" class=\"overlay\">\n<div class=\"popup\">\n\t\t<img decoding=\"async\" class=\"pic-big\" title=\"Foto grande de Rolls-Royce\" loading=\"lazy\" src=\"https:\/\/web-site-service.de\/beispiel-2\/wp-content\/uploads\/sites\/3\/2022\/02\/auto-rolls-royce-big.jpg\" alt=\"Grande foto Rolls Royce\" width=\"640\" height=\"427\"><br \/>\n\t\t<a class=\"close\" href=\"#pic2\">&times;<\/a>\n\t   <\/div>\n<\/div><\/div>\n<div id=\"pic3\" class=\"pop-container\">\n<p><a href=\"#popup3\" title=\"Click para a foto grande de carro antigo\"><img decoding=\"async\" class=\"pic-small\" loading=\"lazy\" src=\"https:\/\/web-site-service.de\/beispiel-2\/wp-content\/uploads\/sites\/3\/2022\/02\/auto-oltimer-th-80.jpg\" alt=\"Foto pequena de carro antigo\" width=\"120\" height=\"80\"><\/a><\/p>\n<div id=\"popup3\" class=\"overlay\">\n<div class=\"popup\">\n\t\t<img decoding=\"async\" class=\"pic-big\" title=\"Foto grande de carro antigo\" loading=\"lazy\" src=\"https:\/\/web-site-service.de\/beispiel-2\/wp-content\/uploads\/sites\/3\/2022\/02\/auto-oltimer-big.jpg\" alt=\"Foto grande de carro antigo\" width=\"640\" height=\"406\"><br \/>\n\t\t<a class=\"close\" href=\"#pic3\">&times;<\/a>\n\t   <\/div>\n<\/div><\/div>\n<div id=\"pic4\" class=\"pop-container\">\n<p><a href=\"#popup4\" title=\"Click para a foto grande de limusine branca\"><img decoding=\"async\" class=\"pic-small\" loading=\"lazy\" src=\"https:\/\/web-site-service.de\/beispiel-2\/wp-content\/uploads\/sites\/3\/2022\/02\/auto-limo1-th-80.jpg\" alt=\"Pequena foto limusine branca\" width=\"120\" height=\"80\"><\/a><\/p>\n<div id=\"popup4\" class=\"overlay\">\n<div class=\"popup\">\n\t\t<img decoding=\"async\" class=\"pic-big\" title=\"Foto grande limusine branca\" loading=\"lazy\" src=\"https:\/\/web-site-service.de\/beispiel-2\/wp-content\/uploads\/sites\/3\/2022\/02\/auto-limo1-big.jpg\" alt=\"Grande foto limusine branca\" width=\"640\" height=\"480\"><br \/>\n\t\t<a class=\"close\" href=\"#pic4\">&times;<\/a>\n\t   <\/div>\n<\/div><\/div>\n<div id=\"pic5\" class=\"pop-container\">\n<p><a href=\"#popup5\" title=\"Click para a foto grande GMC\"><img decoding=\"async\" class=\"pic-small\" loading=\"lazy\" src=\"https:\/\/web-site-service.de\/beispiel-2\/wp-content\/uploads\/sites\/3\/2022\/02\/auto-gmc-th.jpg\" alt=\"Foto pequena GMC\" width=\"120\" height=\"80\"><\/a><\/p>\n<div id=\"popup5\" class=\"overlay\">\n<div class=\"popup\">\n\t\t<img decoding=\"async\" class=\"pic-big\" title=\"Foto grande GMC\" loading=\"lazy\" src=\"https:\/\/web-site-service.de\/beispiel-2\/wp-content\/uploads\/sites\/3\/2022\/02\/auto-gmc-big.jpg\" alt=\"Foto grande GMC\" width=\"640\" height=\"427\"><br \/>\n\t\t<a class=\"close\" href=\"#pic5\">&times;<\/a>\n\t   <\/div>\n<\/div><\/div>\n<div id=\"pic6\" class=\"pop-container\">\n<p><a href=\"#popup6\" title=\"Click para a foto grande de carro antiga\"><img decoding=\"async\" class=\"pic-small\" loading=\"lazy\" src=\"https:\/\/web-site-service.de\/beispiel-2\/wp-content\/uploads\/sites\/3\/2022\/02\/auto-antique-th.jpg\" alt=\"Foto pequena mais antiga\" width=\"120\" height=\"80\"><\/a><\/p>\n<div id=\"popup6\" class=\"overlay\">\n<div class=\"popup\">\n\t\t<img decoding=\"async\" class=\"pic-big\" title=\"Click para a foto grande de carro antiga\" loading=\"lazy\" src=\"https:\/\/web-site-service.de\/beispiel-2\/wp-content\/uploads\/sites\/3\/2022\/02\/auto-antique-big.jpg\" alt=\"Grande foto de carro antiga\" width=\"640\" height=\"427\"><br \/>\n\t\t<a class=\"close\" href=\"#pic6\">&times;<\/a>\n\t   <\/div>\n<\/div><\/div>\n<\/div>\n<\/div>\n<\/div>\n<div class=\"unten-box-mitte\">\n<h2><span class=\"farbe-h2-footer\">Entre em contato conosco<\/span><\/h2>\n<p class=\"weiss\">Use os dados abaixo para entrar em contato conosco.<\/p>\n<p class=\"weiss\">Estamos sempre l\u00e1 para voc\u00ea, 24 horas por dia.<\/p>\n<p class=\"weiss\">Endere\u00e7o:<br \/>\n&nbsp;&nbsp;&nbsp;&nbsp;Nome da empresa<br \/>\n&nbsp;&nbsp;&nbsp;&nbsp;Sua rua 65<br \/>\n&nbsp;&nbsp;&nbsp;&nbsp;85005 sua cidade<\/p>\n<p class=\"mitte\"><a class=\"button\" id=\"anrufen\" href=\"tel:+351123456789\" title=\"Chamada com Nome da empresa - Servi\u00e7o de transporte Algarve\"><b>&#9743;<\/b> +351 123 456 789<\/a><br \/>\n<a href=\"mailto:\" title=\"Abre uma novo E-Mail\"><img decoding=\"async\" class=\"mail-foto\" loading=\"lazy\" src=\"https:\/\/web-site-service.de\/beispiel-2\/wp-content\/uploads\/sites\/3\/2022\/02\/Mail-gelb-200x32-1.png\" alt=\"E-mail Nome da empresa - Servi\u00e7o de transporte Algarve\" width=\"200\" height=\"32\"><\/a><\/p>\n<\/div>\n<div class=\"unten-box-rechts\">\n<h2><span class=\"farbe-h2-footer\">Sobre nos<\/span><\/h2>\n<p class=\"mitte-weiss\"><img decoding=\"async\" class=\"uber-uns-foto\" loading=\"lazy\" title=\"Sobre nos - Servi\u00e7o de transporte Algarve\" src=\"https:\/\/web-site-service.de\/beispiel-2\/wp-content\/uploads\/sites\/3\/2022\/02\/kontakt-110.jpg\" alt=\"Sobre nos Servi\u00e7o de transporte Algarve\" width=\"110\" height=\"115\"><br \/>\nAbertura da empresa em 1993<br \/>\nFuncion\u00e1rios certificados<br \/>\nBarato incompar\u00e1vel<br \/>\nAtendimento individual<\/p>\n<p class=\"mitte\"><a id=\"gmaps-link\" href=\"#\" title=\"Ver\/escrever respostas no Google Maps\">Feedback do Google Maps<\/a><\/p>\n<div class=\"sozial-ebene\">\n<p class=\"sozial-text\">Ficar\u00edamos felizes em receber uma recomenda\u00e7\u00e3o<\/p>\n<div class=\"shariff shariff-align-center shariff-widget-align-center\" style=\"display:none\"><ul class=\"shariff-buttons theme-round orientation-horizontal buttonsize-medium\"><li class=\"shariff-button facebook shariff-nocustomcolor\" style=\"background-color:#4273c8\"><a href=\"https:\/\/www.facebook.com\/sharer\/sharer.php?u=https%3A%2F%2Fweb-site-service.de%2Fbeispiel-2%2Fpt%2Fcontato%2F\" title=\"Bei Facebook teilen\" aria-label=\"Bei Facebook teilen\" role=\"button\" rel=\"nofollow\" class=\"shariff-link\" style=\"; background-color:#3b5998; color:#fff\" target=\"_blank\"><span class=\"shariff-icon\" style=\"\"><svg width=\"32px\" height=\"20px\" xmlns=\"http:\/\/www.w3.org\/2000\/svg\" viewBox=\"0 0 18 32\"><path fill=\"#3b5998\" d=\"M17.1 0.2v4.7h-2.8q-1.5 0-2.1 0.6t-0.5 1.9v3.4h5.2l-0.7 5.3h-4.5v13.6h-5.5v-13.6h-4.5v-5.3h4.5v-3.9q0-3.3 1.9-5.2t5-1.8q2.6 0 4.1 0.2z\"\/><\/svg><\/span><\/a><\/li><li class=\"shariff-button twitter shariff-nocustomcolor\" style=\"background-color:#595959\"><a href=\"https:\/\/twitter.com\/share?url=https%3A%2F%2Fweb-site-service.de%2Fbeispiel-2%2Fpt%2Fcontato%2F&text=Kontakt-pt\" title=\"Bei X teilen\" aria-label=\"Bei X teilen\" role=\"button\" rel=\"noopener nofollow\" class=\"shariff-link\" style=\"; background-color:#000; color:#fff\" target=\"_blank\"><span class=\"shariff-icon\" style=\"\"><svg width=\"32px\" height=\"20px\" xmlns=\"http:\/\/www.w3.org\/2000\/svg\" viewBox=\"0 0 24 24\"><path fill=\"#000\" d=\"M14.258 10.152L23.176 0h-2.113l-7.747 8.813L7.133 0H0l9.352 13.328L0 23.973h2.113l8.176-9.309 6.531 9.309h7.133zm-2.895 3.293l-.949-1.328L2.875 1.56h3.246l6.086 8.523.945 1.328 7.91 11.078h-3.246zm0 0\"\/><\/svg><\/span><\/a><\/li><li class=\"shariff-button linkedin shariff-nocustomcolor\" style=\"background-color:#1488bf\"><a href=\"https:\/\/www.linkedin.com\/sharing\/share-offsite\/?url=https%3A%2F%2Fweb-site-service.de%2Fbeispiel-2%2Fpt%2Fcontato%2F\" title=\"Bei LinkedIn teilen\" aria-label=\"Bei LinkedIn teilen\" role=\"button\" rel=\"noopener nofollow\" class=\"shariff-link\" style=\"; background-color:#0077b5; color:#fff\" target=\"_blank\"><span class=\"shariff-icon\" style=\"\"><svg width=\"32px\" height=\"20px\" xmlns=\"http:\/\/www.w3.org\/2000\/svg\" viewBox=\"0 0 27 32\"><path fill=\"#0077b5\" d=\"M6.2 11.2v17.7h-5.9v-17.7h5.9zM6.6 5.7q0 1.3-0.9 2.2t-2.4 0.9h0q-1.5 0-2.4-0.9t-0.9-2.2 0.9-2.2 2.4-0.9 2.4 0.9 0.9 2.2zM27.4 18.7v10.1h-5.9v-9.5q0-1.9-0.7-2.9t-2.3-1.1q-1.1 0-1.9 0.6t-1.2 1.5q-0.2 0.5-0.2 1.4v9.9h-5.9q0-7.1 0-11.6t0-5.3l0-0.9h5.9v2.6h0q0.4-0.6 0.7-1t1-0.9 1.6-0.8 2-0.3q3 0 4.9 2t1.9 6z\"\/><\/svg><\/span><\/a><\/li><li class=\"shariff-button whatsapp shariff-nocustomcolor\" style=\"background-color:#5cbe4a\"><a href=\"https:\/\/api.whatsapp.com\/send?text=https%3A%2F%2Fweb-site-service.de%2Fbeispiel-2%2Fpt%2Fcontato%2F%20Kontakt-pt\" title=\"Bei Whatsapp teilen\" aria-label=\"Bei Whatsapp teilen\" role=\"button\" rel=\"noopener nofollow\" class=\"shariff-link\" style=\"; background-color:#34af23; color:#fff\" target=\"_blank\"><span class=\"shariff-icon\" style=\"\"><svg width=\"32px\" height=\"20px\" xmlns=\"http:\/\/www.w3.org\/2000\/svg\" viewBox=\"0 0 32 32\"><path fill=\"#34af23\" d=\"M17.6 17.4q0.2 0 1.7 0.8t1.6 0.9q0 0.1 0 0.3 0 0.6-0.3 1.4-0.3 0.7-1.3 1.2t-1.8 0.5q-1 0-3.4-1.1-1.7-0.8-3-2.1t-2.6-3.3q-1.3-1.9-1.3-3.5v-0.1q0.1-1.6 1.3-2.8 0.4-0.4 0.9-0.4 0.1 0 0.3 0t0.3 0q0.3 0 0.5 0.1t0.3 0.5q0.1 0.4 0.6 1.6t0.4 1.3q0 0.4-0.6 1t-0.6 0.8q0 0.1 0.1 0.3 0.6 1.3 1.8 2.4 1 0.9 2.7 1.8 0.2 0.1 0.4 0.1 0.3 0 1-0.9t0.9-0.9zM14 26.9q2.3 0 4.3-0.9t3.6-2.4 2.4-3.6 0.9-4.3-0.9-4.3-2.4-3.6-3.6-2.4-4.3-0.9-4.3 0.9-3.6 2.4-2.4 3.6-0.9 4.3q0 3.6 2.1 6.6l-1.4 4.2 4.3-1.4q2.8 1.9 6.2 1.9zM14 2.2q2.7 0 5.2 1.1t4.3 2.9 2.9 4.3 1.1 5.2-1.1 5.2-2.9 4.3-4.3 2.9-5.2 1.1q-3.5 0-6.5-1.7l-7.4 2.4 2.4-7.2q-1.9-3.2-1.9-6.9 0-2.7 1.1-5.2t2.9-4.3 4.3-2.9 5.2-1.1z\"\/><\/svg><\/span><\/a><\/li><\/ul><\/div><\/div>\n<\/div>\n<\/div>\n<\/div>\n<p><!-- Bereich unter dem footer- - - - - - - --><\/p>\n<div class=\"kopierrechte\">\n<p class=\"mitte\">Copyright \u00a9 <a title=\"Copyright \u00a9 Nome da empresa\" href=\"https:\/\/web-site-service.de\/pt\/contacto\/\">Web-Site-Service.de<\/a><\/p>\n<\/div>\n<p id=\"w-s-s\"><a title=\"P\u00e1gina criada por: Web-Site-Service.de\" href=\"https:\/\/web-site-service.de\/pt\/nos-criamos-e-mantemos-seu-site\/\" target=\"_blank\" rel=\"noopener noreferrer\">P\u00e1gina criada por: Web-Site-Service.de<\/a><\/p>\n<\/div>\n","protected":false},"excerpt":{"rendered":"<p>P\u00e1gina de amostra internacional &#8211; Contacto Mollis pretium lorem primis senectus habitasse lectus scelerisque donec ultricies tortor suspendisse adipiscing fusce morbi volutpat pellentesque consectetur mi risus molestie curae malesuada. Dignissim lacus convallis massa mauris enim ad mattis magnis senectus montes mollis taciti phasellus accumsan bibendum semper blandit suspendisse faucibus. Endere\u00e7o: &nbsp;&nbsp;&nbsp;Nome da empresa &nbsp;&nbsp;&nbsp;Sua rua &#8230; <a title=\"Kontakt-pt\" class=\"read-more\" href=\"https:\/\/web-site-service.de\/beispiel-2\/pt\/contato\/\" aria-label=\"Mehr Informationen \u00fcber Kontakt-pt\">Weiterlesen<\/a><\/p>\n","protected":false},"author":1,"featured_media":0,"parent":0,"menu_order":0,"comment_status":"closed","ping_status":"closed","template":"","meta":{"footnotes":""},"class_list":["post-104","page","type-page","status-publish"],"_links":{"self":[{"href":"https:\/\/web-site-service.de\/beispiel-2\/wp-json\/wp\/v2\/pages\/104","targetHints":{"allow":["GET"]}}],"collection":[{"href":"https:\/\/web-site-service.de\/beispiel-2\/wp-json\/wp\/v2\/pages"}],"about":[{"href":"https:\/\/web-site-service.de\/beispiel-2\/wp-json\/wp\/v2\/types\/page"}],"author":[{"embeddable":true,"href":"https:\/\/web-site-service.de\/beispiel-2\/wp-json\/wp\/v2\/users\/1"}],"replies":[{"embeddable":true,"href":"https:\/\/web-site-service.de\/beispiel-2\/wp-json\/wp\/v2\/comments?post=104"}],"version-history":[{"count":12,"href":"https:\/\/web-site-service.de\/beispiel-2\/wp-json\/wp\/v2\/pages\/104\/revisions"}],"predecessor-version":[{"id":472,"href":"https:\/\/web-site-service.de\/beispiel-2\/wp-json\/wp\/v2\/pages\/104\/revisions\/472"}],"wp:attachment":[{"href":"https:\/\/web-site-service.de\/beispiel-2\/wp-json\/wp\/v2\/media?parent=104"}],"curies":[{"name":"wp","href":"https:\/\/api.w.org\/{rel}","templated":true}]}}