{"id":13,"date":"2022-07-11T09:20:27","date_gmt":"2022-07-11T09:20:27","guid":{"rendered":"https:\/\/home-repairs.de\/?page_id=13"},"modified":"2025-03-03T13:52:10","modified_gmt":"2025-03-03T12:52:10","slug":"reparaturen-rund-ums-haus","status":"publish","type":"page","link":"https:\/\/web-site-service.de\/beispiel-4\/","title":{"rendered":"Reparaturen rund ums Haus"},"content":{"rendered":"<div class=\"kopflinie\">\n<hr>\n<\/div>\n<div class=\"text-schreiben-container\">\n<h1 class=\"cursor text-effect\">Handwerker gesucht?<\/h1>\n<\/div>\n<div class=\"wuerfelcontainer\">\n<div id=\"stage\">\n<div id=\"cube\">\n<div class=\"face front\">\n<div class=\"faceContent\"><img loading=\"lazy\" decoding=\"async\" class=\"wuerfel\" alt=\"Foto Ikea M\u00f6bel f\u00fcr Handwerker gesucht?\" title=\"Ikea-M\u00f6bel aufbauen\" src=\"https:\/\/web-site-service.de\/beispiel-4\/wp-content\/uploads\/sites\/7\/2022\/07\/Ikea-400.jpg\" width=\"400\" height=\"400\">\n<\/div>\n<\/div>\n<div class=\"face back\">\n<div class=\"faceContent\"><img loading=\"lazy\" decoding=\"async\" class=\"wuerfel\" alt=\"Foto Elektriker f\u00fcr Handwerker gesucht?\" title=\"Kleine elektrische Arbeiten\" src=\"https:\/\/web-site-service.de\/beispiel-4\/wp-content\/uploads\/sites\/7\/2022\/07\/electrician-400.jpg\" width=\"400\" height=\"400\">\n<\/div>\n<\/div>\n<div class=\"face top\">\n<div class=\"faceContent\"><img loading=\"lazy\" decoding=\"async\" class=\"wuerfel\" alt=\"Foto T\u00fcren reparieren\" title=\"T\u00fcren und Schubladen reparieren\" src=\"https:\/\/web-site-service.de\/beispiel-4\/wp-content\/uploads\/sites\/7\/2022\/07\/Locksmith-400.jpg\" width=\"400\" height=\"400\">\n<\/div>\n<\/div>\n<div class=\"face bottom\">\n<div class=\"faceContent\"><img loading=\"lazy\" decoding=\"async\" class=\"wuerfel\" alt=\"Foto Fliesenleger\" title=\"Kleine Fliesenleger Arbeiten\" src=\"https:\/\/web-site-service.de\/beispiel-4\/wp-content\/uploads\/sites\/7\/2022\/07\/building-400.jpg\" width=\"400\" height=\"400\">\n<\/div>\n<\/div>\n<div class=\"face left\">\n<div class=\"faceContent\"><img loading=\"lazy\" decoding=\"async\" class=\"wuerfel\" alt=\"Foto Pr\u00e4zisionsarbeit\" title=\"Herstellung von Ersatzteilen\" src=\"https:\/\/web-site-service.de\/beispiel-4\/wp-content\/uploads\/sites\/7\/2022\/07\/Tool-400.jpg\" width=\"400\" height=\"400\">\n<\/div>\n<\/div>\n<div class=\"face right\">\n<div class=\"faceContent\"><img loading=\"lazy\" decoding=\"async\" class=\"wuerfel\" alt=\"Foto Installateur\" title=\"Installationen\" src=\"https:\/\/web-site-service.de\/beispiel-4\/wp-content\/uploads\/sites\/7\/2022\/07\/Plumber-400.jpg\" width=\"400\" height=\"400\">\n<\/div>\n<\/div>\n<\/div>\n<\/div>\n<\/div>\n<div id=\"hintergrund-repa-ausbess\">\n<h2>Reparaturen und Ausbesserungsarbeiten<\/h2>\n<p class=\"mitte-algarve\">Im Raum: Portim\u00e3o, Monchique, S\u00e3o Marco da Serra, Messines, Salir, Albufeira<\/p>\n<ul>\n<li>Sie w\u00fcrden gerne ein M\u00f6belst\u00fcck bei Ikea kaufen und haben keine Zeit es selbst aufzubauen?<\/li>\n<li>Es gibt Probleme mit T\u00fcren oder schwerg\u00e4ngigen Schubladen?<\/li>\n<li>Neue Vorh\u00e4nge sollen angebracht werden?<\/li>\n<li>Eine Steckdose oder ein Schalter ist kaputt?<\/li>\n<li>Sie haben Probleme mit undichten Abfl\u00fcssen?<\/li>\n<li>Defekte Fliesen im Bad oder der K\u00fcche, die getauscht werden m\u00fcssten?<\/li>\n<li>Es wird Zeit f\u00fcr einen neuen Anstrich in einem Zimmer?<\/li>\n<li>Probleme mit den Rolll\u00e4den?<\/li>\n<li>Sie m\u00f6chten etwas repariert (keine Elektroger\u00e4te) oder montiert haben?<\/li>\n<\/ul>\n<\/div>\n<div id=\"hintergrund-hilfe-rundumshaus\">\n<h3>Hier bekommen Sie Hilfe bei all den Kleinigkeiten rund ums Haus!<\/h3>\n<ul>\n<li>Deutscher vielseitiger Handwerker mit 2 rechten H\u00e4nden erledigt diverse Reparaturen am &amp; im Haus. Ich repariere in ihrer Wohnung und im Garten was nicht mehr richtig funktioniert, ausgenommen Elektroger\u00e4te.<\/li>\n<li>Meine perfektionistische Veranlagung und meine Erfahrungen mit verschiedenen Materialien wie z.B. Holz, Metall und Stein sind Ihre Vorteile.<\/li>\n<li>Auch f\u00fcr Pr\u00e4zisionsarbeiten wo es auf jeden Zehntel Millimeter ankommt z.B. Anfertigung spezieller Ersatzteile bin ich genau der Richtige f\u00fcr Sie.<\/li>\n<li>Ebenso sind Erfahrungen in der Hauselektrik sowie bei Klempner-arbeiten vorhanden.<\/li>\n<li>Gerne \u00fcbernehme ich auch den Hausmeisterservice f\u00fcr Ihre Ferienwohnungen.<\/li>\n<\/ul>\n<\/div>\n<div id=\"hintergrund-preise\">\n<h3 id=\"preise\">Preise<\/h3>\n<ul>\n<li>Stundenlohn = 15 Euro\/h (Beinhaltet auch die Werkzeugkosten).<\/li>\n<li>Einmalige Anfahrt f\u00fcr eine Reparatur oder Kostenvoranschlag = 20 Euro.<\/li>\n<li>Hausmeisterservice nach Absprache.<\/li>\n<\/ul>\n<\/div>\n<div id=\"hintergrund-kontakt-cont\">\n<h3 id=\"kontakt\">Kontaktieren Sie mich und wir werden sehen ob ich Ihnen helfen kann.<\/h3>\n<p class=\"mitte-kontakt\">\n  <img decoding=\"async\" loading=\"lazy\" class=\"img-kontakt\" src=\"https:\/\/web-site-service.de\/beispiel-4\/wp-content\/uploads\/sites\/7\/2022\/07\/Uwe-02.webp\" alt=\"Foto Handwerker\" title=\"Uwe\" width=\"299\" height=\"279\">Um Zeit und Kosten zu sparen, beschreiben Sie bitte ihr Anliegen so genau wie m\u00f6glich. Somit kann ich im Vorfeld den Arbeitsaufwand besser absch\u00e4tzen und die richtigen Werkzeuge mitbringen.<\/p>\n<p class=\"mitte-kontakt\">Bei l\u00e4ngerfristigen Arbeiten komme ich auch gerne f\u00fcr einen Kostenvoranschlag vorbei.<\/p>\n<\/div>\n<div class=\"formular\">\n\n<div class=\"wpcf7 no-js\" id=\"wpcf7-f377-o1\" lang=\"de-DE\" dir=\"ltr\" data-wpcf7-id=\"377\">\n<div class=\"screen-reader-response\"><p role=\"status\" aria-live=\"polite\" aria-atomic=\"true\"><\/p> <ul><\/ul><\/div>\n<form action=\"\/beispiel-4\/wp-json\/wp\/v2\/pages\/13#wpcf7-f377-o1\" method=\"post\" class=\"wpcf7-form init\" aria-label=\"Kontaktformular\" novalidate=\"novalidate\" data-status=\"init\">\n<fieldset class=\"hidden-fields-container\"><input type=\"hidden\" name=\"_wpcf7\" value=\"377\" \/><input type=\"hidden\" name=\"_wpcf7_version\" value=\"6.1.5\" \/><input type=\"hidden\" name=\"_wpcf7_locale\" value=\"de_DE\" \/><input type=\"hidden\" name=\"_wpcf7_unit_tag\" value=\"wpcf7-f377-o1\" \/><input type=\"hidden\" name=\"_wpcf7_container_post\" value=\"0\" \/><input type=\"hidden\" name=\"_wpcf7_posted_data_hash\" value=\"\" \/>\n<\/fieldset>\n<p><label> Name<br \/>\n<span class=\"wpcf7-form-control-wrap\" data-name=\"your-name\"><input size=\"40\" maxlength=\"400\" class=\"wpcf7-form-control wpcf7-text\" aria-invalid=\"false\" value=\"\" type=\"text\" name=\"your-name\" \/><\/span> <\/label>\n<\/p>\n<p><label> E-Mail-Adresse*<br \/>\n<span class=\"wpcf7-form-control-wrap\" data-name=\"your-email\"><input size=\"40\" maxlength=\"400\" class=\"wpcf7-form-control wpcf7-email wpcf7-validates-as-required wpcf7-text wpcf7-validates-as-email\" aria-required=\"true\" aria-invalid=\"false\" value=\"\" type=\"email\" name=\"your-email\" \/><\/span> <\/label>\n<\/p>\n<p><label> Ihre Telefonnummer<br \/>\n<span class=\"wpcf7-form-control-wrap\" data-name=\"your-tel\"><input size=\"40\" maxlength=\"400\" class=\"wpcf7-form-control wpcf7-tel wpcf7-text wpcf7-validates-as-tel\" aria-invalid=\"false\" value=\"\" type=\"tel\" name=\"your-tel\" \/><\/span> <\/label>\n<\/p>\n<p><span id=\"wpcf7-69e748bb2aef3-wrapper\" class=\"wpcf7-form-control-wrap Website-wrap\" style=\"display:none !important; visibility:hidden !important;\"><label for=\"wpcf7-69e748bb2aef3-field\" class=\"hp-message\">Bitte lasse dieses Feld leer.<\/label><input id=\"wpcf7-69e748bb2aef3-field\"  class=\"wpcf7-form-control wpcf7-text\" type=\"text\" name=\"Website\" value=\"\" size=\"40\" tabindex=\"-1\" autocomplete=\"new-password\" \/><\/span>\n<\/p>\n<p><label> Betreff<br \/>\n<span class=\"wpcf7-form-control-wrap\" data-name=\"your-subject\"><input size=\"40\" maxlength=\"400\" class=\"wpcf7-form-control wpcf7-text\" aria-invalid=\"false\" value=\"\" type=\"text\" name=\"your-subject\" \/><\/span> <\/label>\n<\/p>\n<p><label> Ihre Nachricht<br \/>\n<span class=\"wpcf7-form-control-wrap\" data-name=\"your-message\"><textarea cols=\"40\" rows=\"10\" maxlength=\"2000\" class=\"wpcf7-form-control wpcf7-textarea\" aria-invalid=\"false\" name=\"your-message\"><\/textarea><\/span> <\/label>\n<\/p>\n<div class=\"quiz-feld\">\n\t<p>Spamschutz*<br \/>\n<span class=\"wpcf7-form-control-wrap\" data-name=\"quiz-995\"><label><span class=\"wpcf7-quiz-label\">Wieviel ist zehn minus f\u00fcnf? (Bitte Zahl eingeben)<\/span> <input size=\"40\" class=\"wpcf7-form-control wpcf7-quiz\" id=\"quiz\" autocomplete=\"off\" aria-required=\"true\" aria-invalid=\"false\" type=\"text\" name=\"quiz-995\" \/><\/label><input type=\"hidden\" name=\"_wpcf7_quiz_answer_quiz-995\" value=\"bb413471a7f14782452a77ba975e1169\" \/><\/span>\n\t<\/p>\n<\/div>\n<p class=\"mitte\"><label>Die <a title=\"Zur Datenschutzerkl\u00e4rung\" href=\"https:\/\/web-site-service.de\/datenschutzerklaerung\/\" target=\"_blank\" rel=\"noopener noreferrer\" ><span class=\"datensch\">Datenschutzerkl\u00e4rung<\/span><\/a> ben\u00f6tigt Ihre Zustimmung, damit Sie das Formular abschicken k\u00f6nnen. <span class=\"wpcf7-form-control-wrap\" data-name=\"acceptance-154\"><span class=\"wpcf7-form-control wpcf7-acceptance\"><span class=\"wpcf7-list-item\"><input type=\"checkbox\" name=\"acceptance-154\" value=\"1\" id=\"zustimmung\" aria-invalid=\"false\" \/><\/span><\/span><\/span><\/label>\n<\/p>\n<p class=\"mitte\"><input class=\"wpcf7-form-control wpcf7-submit has-spinner\" id=\"sendebutton\" type=\"submit\" value=\"Senden\" \/>\n<\/p><div class=\"wpcf7-response-output\" aria-hidden=\"true\"><\/div>\n<\/form>\n<\/div>\n\n<\/div>\n","protected":false},"excerpt":{"rendered":"<p>Handwerker gesucht? Reparaturen und Ausbesserungsarbeiten Im Raum: Portim\u00e3o, Monchique, S\u00e3o Marco da Serra, Messines, Salir, Albufeira Sie w\u00fcrden gerne ein M\u00f6belst\u00fcck bei Ikea kaufen und haben keine Zeit es selbst aufzubauen? Es gibt Probleme mit T\u00fcren oder schwerg\u00e4ngigen Schubladen? Neue Vorh\u00e4nge sollen angebracht werden? Eine Steckdose oder ein Schalter ist kaputt? Sie haben Probleme mit &#8230; <a title=\"Reparaturen rund ums Haus\" class=\"read-more\" href=\"https:\/\/web-site-service.de\/beispiel-4\/\" aria-label=\"Mehr Informationen \u00fcber Reparaturen rund ums Haus\">Weiterlesen<\/a><\/p>\n","protected":false},"author":1,"featured_media":0,"parent":0,"menu_order":0,"comment_status":"closed","ping_status":"closed","template":"","meta":{"footnotes":""},"class_list":["post-13","page","type-page","status-publish"],"_links":{"self":[{"href":"https:\/\/web-site-service.de\/beispiel-4\/wp-json\/wp\/v2\/pages\/13","targetHints":{"allow":["GET"]}}],"collection":[{"href":"https:\/\/web-site-service.de\/beispiel-4\/wp-json\/wp\/v2\/pages"}],"about":[{"href":"https:\/\/web-site-service.de\/beispiel-4\/wp-json\/wp\/v2\/types\/page"}],"author":[{"embeddable":true,"href":"https:\/\/web-site-service.de\/beispiel-4\/wp-json\/wp\/v2\/users\/1"}],"replies":[{"embeddable":true,"href":"https:\/\/web-site-service.de\/beispiel-4\/wp-json\/wp\/v2\/comments?post=13"}],"version-history":[{"count":3,"href":"https:\/\/web-site-service.de\/beispiel-4\/wp-json\/wp\/v2\/pages\/13\/revisions"}],"predecessor-version":[{"id":538,"href":"https:\/\/web-site-service.de\/beispiel-4\/wp-json\/wp\/v2\/pages\/13\/revisions\/538"}],"wp:attachment":[{"href":"https:\/\/web-site-service.de\/beispiel-4\/wp-json\/wp\/v2\/media?parent=13"}],"curies":[{"name":"wp","href":"https:\/\/api.w.org\/{rel}","templated":true}]}}