{"id":18,"date":"2022-07-11T09:23:53","date_gmt":"2022-07-11T09:23:53","guid":{"rendered":"https:\/\/home-repairs.de\/?page_id=18"},"modified":"2025-03-03T13:52:54","modified_gmt":"2025-03-03T12:52:54","slug":"reparacoes-a-volta-da-casa","status":"publish","type":"page","link":"https:\/\/web-site-service.de\/beispiel-4\/pt\/reparacoes-a-volta-da-casa\/","title":{"rendered":"Repara\u00e7\u00f5es \u00e0 volta da casa"},"content":{"rendered":"<div class=\"kopflinie\">\n<hr>\n<\/div>\n<div class=\"text-schreiben-container\">\n<h1 class=\"cursor text-effect\">Precisa de um t\u00e9cnico?<\/h1>\n<\/div>\n<div class=\"wuerfelcontainer\">\n<div id=\"stage\">\n<div id=\"cube\">\n<div class=\"face front\">\n<div class=\"faceContent\"><img loading=\"lazy\" decoding=\"async\" class=\"wuerfel\" alt=\"Foto m\u00f3veis Ikea para precisa de um t\u00e9cnico?\" title=\"Montagem de m\u00f3veis IKEA\" src=\"https:\/\/web-site-service.de\/beispiel-4\/wp-content\/uploads\/sites\/7\/2022\/07\/Ikea-400.jpg\" width=\"400\" height=\"400\">\n<\/div>\n<\/div>\n<div class=\"face back\">\n<div class=\"faceContent\"><img loading=\"lazy\" decoding=\"async\" class=\"wuerfel\" alt=\"Foto eletricista para precisa de um t\u00e9cnico\" title=\"Pequenos trabalhos el\u00e9tricos\" src=\"https:\/\/web-site-service.de\/beispiel-4\/wp-content\/uploads\/sites\/7\/2022\/07\/electrician-400.jpg\" width=\"400\" height=\"400\">\n<\/div>\n<\/div>\n<div class=\"face top\">\n<div class=\"faceContent\"><img loading=\"lazy\" decoding=\"async\" class=\"wuerfel\" alt=\"Foto reparar portas para precisa de um t\u00e9cnico\" title=\"Repara\u00e7\u00e3o de portas, fechaduras e gavetas\" src=\"https:\/\/web-site-service.de\/beispiel-4\/wp-content\/uploads\/sites\/7\/2022\/07\/Locksmith-400.jpg\" width=\"400\" height=\"400\">\n<\/div>\n<\/div>\n<div class=\"face bottom\">\n<div class=\"faceContent\"><img loading=\"lazy\" decoding=\"async\" class=\"wuerfel\" alt=\"Foto Ladrilhador\" title=\"Pequenos trabalhos de ladrilhador\" src=\"https:\/\/web-site-service.de\/beispiel-4\/wp-content\/uploads\/sites\/7\/2022\/07\/building-400.jpg\" width=\"400\" height=\"400\">\n<\/div>\n<\/div>\n<div class=\"face left\">\n<div class=\"faceContent\"><img loading=\"lazy\" decoding=\"async\" class=\"wuerfel\" alt=\"Foto trabalho de precis\u00e3o\" title=\"Repara\u00e7\u00e3o de pequenas pe\u00e7as\" src=\"https:\/\/web-site-service.de\/beispiel-4\/wp-content\/uploads\/sites\/7\/2022\/07\/Tool-400.jpg\" width=\"400\" height=\"400\">\n<\/div>\n<\/div>\n<div class=\"face right\">\n<div class=\"faceContent\"><img loading=\"lazy\" decoding=\"async\" class=\"wuerfel\" alt=\"Foto canalizador\" title=\"Trabalhos de canaliza\u00e7\u00e3o\" src=\"https:\/\/web-site-service.de\/beispiel-4\/wp-content\/uploads\/sites\/7\/2022\/07\/Plumber-400.jpg\" width=\"400\" height=\"400\">\n<\/div>\n<\/div>\n<\/div>\n<\/div>\n<\/div>\n<div id=\"hintergrund-repa-ausbess\">\n<h2>Repara\u00e7\u00f5es gerais<\/h2>\n<p class=\"mitte-algarve\">Na zona de: Portim\u00e3o, Monchique, S\u00e3o Marco da Serra, Messines, Salir, Albufeira<\/p>\n<ul>\n<li>Gostaria de comprar um m\u00f3vel do IKEA, mas n\u00e3o tem tempo ou n\u00e3o sabe como fazer?<\/li>\n<li>Tem problemas com as suas portas, fechaduras ou gavetas?<\/li>\n<li>Deseja mudar as cortinas da sua casa e n\u00e3o tem ningu\u00e9m para as instalar?<\/li>\n<li>Precisa de substituir tomadas ou interruptores?<\/li>\n<li>Est\u00e1 com problemas de infiltra\u00e7\u00e3o nos equipamentos sanit\u00e1rios ou na cozinha?<\/li>\n<li>J\u00e1 n\u00e3o gosta dos azulejos da casa de banho ou da cozinha?<\/li>\n<li>Quer mudar o visual de um quarto e pintar as paredes?<\/li>\n<li>Tem problemas com os estores das janelas?<\/li>\n<li>Precisa de algu\u00e9m que lhe fa\u00e7a pequenas repara\u00e7\u00f5es ou instala\u00e7\u00f5es? (exceto dispositivos eletr\u00f3nicos)?<\/li>\n<\/ul>\n<\/div>\n<div id=\"hintergrund-hilfe-rundumshaus\">\n<h3>Aqui pode obter ajuda em todas as pequenas coisas na casa<\/h3>\n<ul>\n<li>Vers\u00e1til t\u00e9cnico de nacionalidade alem\u00e3, mas que fala portugu\u00eas, tem 2 m\u00e3os direitas. Faz pequenas repara\u00e7\u00f5es na sua casa ou jardim, com exce\u00e7\u00e3o de eletrodom\u00e9sticos.<\/li>\n<li>A minha personalidade perfecionista e experi\u00eancia com diferentes materiais, como a madeira, metal e pedra, s\u00e3o as minhas vantagens.<\/li>\n<li>Minha disposi\u00e7\u00e3o perfeccionista e minha experi\u00eancia com diferentes materiais como madeira, metal e pedra s\u00e3o suas vantagens.<\/li>\n<li>Tamb\u00e9m tenho experi\u00eancia em eletricidade e canaliza\u00e7\u00e3o.<\/li>\n<li>Tamb\u00e9m presto servi\u00e7os de manuten\u00e7\u00e3o de im\u00f3veis para arrendamento e de zelador quando est\u00e3o desocupados.<\/li>\n<\/ul>\n<\/div>\n<div id=\"hintergrund-preise\">\n<h3 id=\"preco\">Pre\u00e7o<\/h3>\n<ul>\n<li>Valor por hora: 15 euros (ferramentas inclu\u00eddas).<\/li>\n<li>Uma desloca\u00e7\u00e3o para uma repara\u00e7\u00e3o ou or\u00e7amento: 20 euros.<\/li>\n<li>Presta\u00e7\u00e3o de servi\u00e7os como zelador a acordar com o cliente.<\/li>\n<\/ul>\n<\/div>\n<div id=\"hintergrund-kontakt-cont\">\n<h3 id=\"contacto\">Entre em contato comigo e veremos se posso ajud\u00e1-lo<\/h3>\n<p class=\"mitte-kontakt\">\n  <img decoding=\"async\" loading=\"lazy\" class=\"img-kontakt\" src=\"https:\/\/web-site-service.de\/beispiel-4\/wp-content\/uploads\/sites\/7\/2022\/07\/Uwe-02.webp\" alt=\"Foto t\u00e9cnico\" title=\"T\u00e9cnico Uwe\" width=\"299\" height=\"279\">Para economizar tempo e dinheiro, descreva o que precisa com a maior precis\u00e3o poss\u00edvel. Assim, posso organizar melhor o tempo e os materiais.<\/p>\n<p class=\"mitte-hintergrund-kontakt-cont\">Para os trabalhos de maior dimens\u00e3o ou com prazos mais longos, \u00e9 apresentado um or\u00e7amento.<\/p>\n<\/div>\n<div class=\"formular\">\n\n<div class=\"wpcf7 no-js\" id=\"wpcf7-f27-o1\" lang=\"de-DE\" dir=\"ltr\" data-wpcf7-id=\"27\">\n<div class=\"screen-reader-response\"><p role=\"status\" aria-live=\"polite\" aria-atomic=\"true\"><\/p> <ul><\/ul><\/div>\n<form action=\"\/beispiel-4\/wp-json\/wp\/v2\/pages\/18#wpcf7-f27-o1\" method=\"post\" class=\"wpcf7-form init\" aria-label=\"Kontaktformular\" novalidate=\"novalidate\" data-status=\"init\">\n<fieldset class=\"hidden-fields-container\"><input type=\"hidden\" name=\"_wpcf7\" value=\"27\" \/><input type=\"hidden\" name=\"_wpcf7_version\" value=\"6.1.5\" \/><input type=\"hidden\" name=\"_wpcf7_locale\" value=\"de_DE\" \/><input type=\"hidden\" name=\"_wpcf7_unit_tag\" value=\"wpcf7-f27-o1\" \/><input type=\"hidden\" name=\"_wpcf7_container_post\" value=\"0\" \/><input type=\"hidden\" name=\"_wpcf7_posted_data_hash\" value=\"\" \/>\n<\/fieldset>\n<p><label> Nome<br \/>\n<span class=\"wpcf7-form-control-wrap\" data-name=\"your-name\"><input size=\"40\" maxlength=\"400\" class=\"wpcf7-form-control wpcf7-text\" aria-invalid=\"false\" value=\"\" type=\"text\" name=\"your-name\" \/><\/span> <\/label>\n<\/p>\n<p><label> E-Mail*<br \/>\n<span class=\"wpcf7-form-control-wrap\" data-name=\"your-email\"><input size=\"40\" maxlength=\"400\" class=\"wpcf7-form-control wpcf7-email wpcf7-validates-as-required wpcf7-text wpcf7-validates-as-email\" aria-required=\"true\" aria-invalid=\"false\" value=\"\" type=\"email\" name=\"your-email\" \/><\/span> <\/label>\n<\/p>\n<p><label> N\u00famero de telefone<br \/>\n<span class=\"wpcf7-form-control-wrap\" data-name=\"your-tel\"><input size=\"40\" maxlength=\"400\" class=\"wpcf7-form-control wpcf7-tel wpcf7-text wpcf7-validates-as-tel\" aria-invalid=\"false\" value=\"\" type=\"tel\" name=\"your-tel\" \/><\/span> <\/label>\n<\/p>\n<p><label> Local da repara\u00e7\u00e3o<br \/>\n<span class=\"wpcf7-form-control-wrap\" data-name=\"your-location\"><input size=\"40\" maxlength=\"400\" class=\"wpcf7-form-control wpcf7-text\" aria-invalid=\"false\" value=\"\" type=\"text\" name=\"your-location\" \/><\/span> <\/label>\n<\/p>\n<p><span id=\"wpcf7-69e775388a9be-wrapper\" class=\"wpcf7-form-control-wrap Website-wrap\" style=\"display:none !important; visibility:hidden !important;\"><label for=\"wpcf7-69e775388a9be-field\" class=\"hp-message\">Bitte lasse dieses Feld leer.<\/label><input id=\"wpcf7-69e775388a9be-field\"  class=\"wpcf7-form-control wpcf7-text\" type=\"text\" name=\"Website\" value=\"\" size=\"40\" tabindex=\"-1\" autocomplete=\"new-password\" \/><\/span>\n<\/p>\n<p><label> Assunto<br \/>\n<span class=\"wpcf7-form-control-wrap\" data-name=\"your-subject\"><input size=\"40\" maxlength=\"400\" class=\"wpcf7-form-control wpcf7-text\" aria-invalid=\"false\" value=\"\" type=\"text\" name=\"your-subject\" \/><\/span> <\/label>\n<\/p>\n<p><label> Deixe a sua mensagem<br \/>\n<span class=\"wpcf7-form-control-wrap\" data-name=\"your-message\"><textarea cols=\"40\" rows=\"10\" maxlength=\"2000\" class=\"wpcf7-form-control wpcf7-textarea\" aria-invalid=\"false\" name=\"your-message\"><\/textarea><\/span> <\/label>\n<\/p>\n<div class=\"quiz-feld\">\n\t<p>Prote\u00e7\u00e3o contra SPAM*<br \/>\n<span class=\"wpcf7-form-control-wrap\" data-name=\"quiz-995\"><label><span class=\"wpcf7-quiz-label\">Quanto \u00e9 cinco menos dois? (Por favor, digite o n\u00famero)<\/span> <input size=\"40\" class=\"wpcf7-form-control wpcf7-quiz\" id=\"quiz\" autocomplete=\"off\" aria-required=\"true\" aria-invalid=\"false\" type=\"text\" name=\"quiz-995\" \/><\/label><input type=\"hidden\" name=\"_wpcf7_quiz_answer_quiz-995\" value=\"881340dc31915a874042ae4c8854e480\" \/><\/span>\n\t<\/p>\n<\/div>\n<p class=\"mitte-kontakt-form\"><label>Concordar com a <a title=\"Para a p\u00e1gina Pol\u00edtica de privacidade\" href=\"https:\/\/home-repairs.de\/pt\/politica-de-privacidade\/\" target=\"_blank\" rel=\"noopener noreferrer\"><span class=\"datensch\">pol\u00edtica de privacidade,<\/span><\/a> antes de enviar o formul\u00e1rio <span class=\"wpcf7-form-control-wrap\" data-name=\"acceptance-154\"><span class=\"wpcf7-form-control wpcf7-acceptance\"><span class=\"wpcf7-list-item\"><input type=\"checkbox\" name=\"acceptance-154\" value=\"1\" id=\"zustimmung\" aria-invalid=\"false\" \/><\/span><\/span><\/span><\/label>\n<\/p>\n<p class=\"mitte\"><input class=\"wpcf7-form-control wpcf7-submit has-spinner\" id=\"sendebutton\" type=\"submit\" value=\"Enviar\" \/>\n<\/p><div class=\"wpcf7-response-output\" aria-hidden=\"true\"><\/div>\n<\/form>\n<\/div>\n\n<\/div>\n","protected":false},"excerpt":{"rendered":"<p>Precisa de um t\u00e9cnico? Repara\u00e7\u00f5es gerais Na zona de: Portim\u00e3o, Monchique, S\u00e3o Marco da Serra, Messines, Salir, Albufeira Gostaria de comprar um m\u00f3vel do IKEA, mas n\u00e3o tem tempo ou n\u00e3o sabe como fazer? Tem problemas com as suas portas, fechaduras ou gavetas? Deseja mudar as cortinas da sua casa e n\u00e3o tem ningu\u00e9m para &#8230; <a title=\"Repara\u00e7\u00f5es \u00e0 volta da casa\" class=\"read-more\" href=\"https:\/\/web-site-service.de\/beispiel-4\/pt\/reparacoes-a-volta-da-casa\/\" aria-label=\"Mehr Informationen \u00fcber Repara\u00e7\u00f5es \u00e0 volta da casa\">Weiterlesen<\/a><\/p>\n","protected":false},"author":1,"featured_media":0,"parent":0,"menu_order":0,"comment_status":"closed","ping_status":"closed","template":"","meta":{"footnotes":""},"class_list":["post-18","page","type-page","status-publish"],"_links":{"self":[{"href":"https:\/\/web-site-service.de\/beispiel-4\/wp-json\/wp\/v2\/pages\/18","targetHints":{"allow":["GET"]}}],"collection":[{"href":"https:\/\/web-site-service.de\/beispiel-4\/wp-json\/wp\/v2\/pages"}],"about":[{"href":"https:\/\/web-site-service.de\/beispiel-4\/wp-json\/wp\/v2\/types\/page"}],"author":[{"embeddable":true,"href":"https:\/\/web-site-service.de\/beispiel-4\/wp-json\/wp\/v2\/users\/1"}],"replies":[{"embeddable":true,"href":"https:\/\/web-site-service.de\/beispiel-4\/wp-json\/wp\/v2\/comments?post=18"}],"version-history":[{"count":2,"href":"https:\/\/web-site-service.de\/beispiel-4\/wp-json\/wp\/v2\/pages\/18\/revisions"}],"predecessor-version":[{"id":541,"href":"https:\/\/web-site-service.de\/beispiel-4\/wp-json\/wp\/v2\/pages\/18\/revisions\/541"}],"wp:attachment":[{"href":"https:\/\/web-site-service.de\/beispiel-4\/wp-json\/wp\/v2\/media?parent=18"}],"curies":[{"name":"wp","href":"https:\/\/api.w.org\/{rel}","templated":true}]}}